{"id":4066,"date":"2026-01-27T18:03:46","date_gmt":"2026-01-27T17:03:46","guid":{"rendered":"https:\/\/www.natural-healings.nl\/?page_id=4066"},"modified":"2026-01-28T01:01:26","modified_gmt":"2026-01-28T00:01:26","slug":"opbouw-van-de-opleiding","status":"publish","type":"page","link":"https:\/\/www.natural-healings.nl\/?page_id=4066","title":{"rendered":"Opbouw van de opleiding"},"content":{"rendered":"\n<div class=\"wp-block-group is-layout-constrained wp-block-group-is-layout-constrained\"><div class=\"wp-block-group__inner-container\">\n<div class=\"wp-block-group is-layout-constrained wp-block-group-is-layout-constrained\"><div class=\"wp-block-group__inner-container\">\n<p class=\"has-black-color has-text-color has-link-color wp-elements-ba28921265523f0092ff186f16ccd060\">De opleiding bestaat uit <strong>drie opeenvolgende leerjaren<\/strong>, waarbij ieder jaar een afgerond geheel vormt met een eigen certificering.<\/p>\n\n\n\n<p class=\"has-black-color has-text-color has-link-color wp-elements-44f42390670150c39991f183c338011e\"><a><\/a><strong>Jaar 1 \u2013 Zhong Qi Gong Basis<\/strong><\/p>\n\n\n\n<p class=\"has-black-color has-text-color has-link-color wp-elements-68690a155e56be5b525f0310b2e008b6\">In het eerste jaar maak je een diepgaande kennismaking met Qi Gong.<\/p>\n\n\n\n<p class=\"has-black-color has-text-color has-link-color wp-elements-7eea5b2126343e31d36433b4b5e0a75b\"><strong>Theorie<\/strong><\/p>\n\n\n\n<ul class=\"wp-block-list\">\n<li class=\"has-black-color has-text-color has-link-color wp-elements-ef43fc7fb69bf6abe58ad96723753439\">Geschiedenis en mythologie van Qi Gong<\/li>\n\n\n\n<li class=\"has-black-color has-text-color has-link-color wp-elements-e26352bb86984cf55800c03e37a9ca9c\">Filosofie van Wu Ji tot Wu Xing<\/li>\n\n\n\n<li class=\"has-black-color has-text-color has-link-color wp-elements-cec5a32c50d515a1092f4dd716557528\">Anatomie volgens de Traditionele Chinese Geneeskunde<\/li>\n\n\n\n<li class=\"has-black-color has-text-color has-link-color wp-elements-a4773a4c12642837ec3afb1de1946718\">De acht wondermeridianen<\/li>\n<\/ul>\n\n\n\n<p class=\"has-black-color has-text-color has-link-color wp-elements-32972987c96315db68fa865bad1ff243\">De theorie wordt ondersteund door literatuur, hand-outs en gezamenlijke reflectie.<\/p>\n\n\n\n<p class=\"has-black-color has-text-color has-link-color wp-elements-39ad3f08234f0ce207df5a93fef7988f\"><strong>Praktijk<\/strong><\/p>\n\n\n\n<ul class=\"wp-block-list\">\n<li class=\"has-black-color has-text-color has-link-color wp-elements-f401eed787dfa537fa7faa18d177c9e9\">Leren ervaren van Qi<\/li>\n\n\n\n<li class=\"has-black-color has-text-color has-link-color wp-elements-5b6e823e9a74df8869a15557a6d97e06\">Werken met aandacht, adem, stemgebruik en lichaamsbesef<\/li>\n\n\n\n<li class=\"has-black-color has-text-color has-link-color wp-elements-cfc92db1b8f43408bedcf9c627784e81\">Qi Gong oefeningen vanuit adem, zittend, staand en bewegend<\/li>\n\n\n\n<li class=\"has-black-color has-text-color has-link-color wp-elements-64e66d7aa035a1c144e5ee134bbfd4b4\">Oefenvormen zoals Innerlijke Glimlach, San Ti en Wu Xing Qi Gong<\/li>\n<\/ul>\n\n\n\n<p class=\"has-black-color has-text-color has-link-color wp-elements-a3530af04904d385a21459d83f11ecfc\">Na dit jaar weet je wat Qi Gong is, waar Zhong Qi Gong voor staat en hoe je je verder kunt ori\u00ebnteren binnen dit brede veld. Met een acte van bekwaamheid kun je al zelfstandig lesgeven.<\/p>\n\n\n\n<hr class=\"wp-block-separator has-alpha-channel-opacity\"\/>\n\n\n\n<p class=\"has-black-color has-text-color has-link-color wp-elements-479c882756265b74dda49b49f768376c\"><a><\/a><strong>Jaar 2 \u2013 Tai Chi Qi Gong<\/strong><\/p>\n\n\n\n<p class=\"has-black-color has-text-color has-link-color wp-elements-06f3ec91031feadc05a224c8ddccf67e\">Het tweede jaar brengt verdieping en verfijning.<\/p>\n\n\n\n<p class=\"has-black-color has-text-color has-link-color wp-elements-7eea5b2126343e31d36433b4b5e0a75b\"><strong>Theorie<\/strong><\/p>\n\n\n\n<ul class=\"wp-block-list\">\n<li class=\"has-black-color has-text-color has-link-color wp-elements-fcfba159a3e6381341aead03f32f778f\">Pa Kua<\/li>\n\n\n\n<li class=\"has-black-color has-text-color has-link-color wp-elements-b174974af2a82011d32f1d391bf5e310\">De twaalf hoofdmeridianen<\/li>\n\n\n\n<li class=\"has-black-color has-text-color has-link-color wp-elements-a92eeed165703f80308af31529e466fb\">Verdere verdieping in filosofie en energetische samenhang<\/li>\n<\/ul>\n\n\n\n<p class=\"has-black-color has-text-color has-link-color wp-elements-39ad3f08234f0ce207df5a93fef7988f\"><strong>Praktijk<\/strong><\/p>\n\n\n\n<ul class=\"wp-block-list\">\n<li class=\"has-black-color has-text-color has-link-color wp-elements-0c78fde423ddd4cca5b364ca83dce932\">Essenti\u00eble Tai Chi Chuan principes<\/li>\n\n\n\n<li class=\"has-black-color has-text-color has-link-color wp-elements-8beda13d9e36248748a40e5946a31da5\">Pa Kua Chuan<\/li>\n\n\n\n<li class=\"has-black-color has-text-color has-link-color wp-elements-4ea3013354b8f0de4ea360c4ca531bde\">Oefeningen zoals \u201cGrijp de vogel bij de staart\u201d en de Zwaluwcirkel<\/li>\n<\/ul>\n\n\n\n<p class=\"has-black-color has-text-color has-link-color wp-elements-1f96023fd94725a59ca15794d1bc8baa\">In dit jaar ontwikkel je meer flow, co\u00f6rdinatie en energetisch waarnemingsvermogen.<\/p>\n\n\n\n<hr class=\"wp-block-separator has-alpha-channel-opacity\"\/>\n\n\n\n<p class=\"has-black-color has-text-color has-link-color wp-elements-8c34e68a4e5b342537a4cf612c0c21fb\"><a><\/a><strong>Jaar 3 \u2013 Zhong Qi Gong Practitioner<\/strong><\/p>\n\n\n\n<p class=\"has-black-color has-text-color has-link-color wp-elements-b9f046307982b85b606652e3490c8c7a\">In het derde jaar verschuift de focus naar het begeleiden van anderen.<\/p>\n\n\n\n<p class=\"has-black-color has-text-color has-link-color wp-elements-7f23a72dbb1ea5039f6fabb6a2440651\"><strong>Theorie en toepassing<\/strong><\/p>\n\n\n\n<ul class=\"wp-block-list\">\n<li class=\"has-black-color has-text-color has-link-color wp-elements-8f1c27e5aff68e3042b3f048029f75ea\">Anamnese vanuit Qi Gong perspectief<\/li>\n\n\n\n<li class=\"has-black-color has-text-color has-link-color wp-elements-a9fd5491efde2dd68c3e854bcc33c224\">Opstellen van persoonlijke oefenplannen<\/li>\n\n\n\n<li class=\"has-black-color has-text-color has-link-color wp-elements-ef3abf04aa2667d285b9bc6c651b0d0b\">Vijf uitgewerkte oefencasussen<\/li>\n\n\n\n<li class=\"has-black-color has-text-color has-link-color wp-elements-a320b8c691a2407bf2cf60c793ddfcea\">Schrijven van een verdiepend essay<\/li>\n<\/ul>\n\n\n\n<p class=\"has-black-color has-text-color has-link-color wp-elements-39ad3f08234f0ce207df5a93fef7988f\"><strong>Praktijk<\/strong><\/p>\n\n\n\n<ul class=\"wp-block-list\">\n<li class=\"has-black-color has-text-color has-link-color wp-elements-a781ba8d60836826eb4d0f4f47ea454f\">Behandelen van vrijwilligers<\/li>\n\n\n\n<li class=\"has-black-color has-text-color has-link-color wp-elements-8549891963ff977ca2e7bd61aa4d3a98\">Analyseren en bespreken van casussen<\/li>\n\n\n\n<li class=\"has-black-color has-text-color has-link-color wp-elements-c221e07b52cc476afd042959fb0dda44\">Integratie van alle voorgaande jaren<\/li>\n<\/ul>\n\n\n\n<p class=\"has-black-color has-text-color has-link-color wp-elements-6a1f69a8429fd7735ef520df25463d3f\">Na afronding van dit jaar ontvang je het <strong>diploma Zhong Qi Gong Practitioner<\/strong> en kun je Qi Gong ook therapeutisch inzetten.<\/p>\n\n\n\n<hr class=\"wp-block-separator has-alpha-channel-opacity\"\/>\n\n\n\n<p class=\"has-black-color has-text-color has-link-color wp-elements-509f7ca0c535d2bae78d33fa8e121083\"><a><\/a><strong>Lesopzet en studiebelasting<\/strong><\/p>\n\n\n\n<ul class=\"wp-block-list\">\n<li class=\"has-black-color has-text-color has-link-color wp-elements-71c3cbeac84af82b60e5970f0ed56fad\">10 zondagen per jaar<\/li>\n\n\n\n<li class=\"has-black-color has-text-color has-link-color wp-elements-e61317a8c12ab111ffa63598f9315ea4\">6 effectieve lesuren per lesdag<\/li>\n\n\n\n<li class=\"has-black-color has-text-color has-link-color wp-elements-bcbb14c6a247bc41d6c8b8d7cac710b5\">3 individuele priv\u00e9sessies van \u00e9\u00e9n uur per jaar<\/li>\n\n\n\n<li class=\"has-black-color has-text-color has-link-color wp-elements-0a18fa7e03ca8e24f3ff8d79fc6a3983\">1 toets of examendag per jaar<\/li>\n<\/ul>\n\n\n\n<p class=\"has-black-color has-text-color has-link-color wp-elements-0dc65a76af9e819308bf295746dba6bd\">De opleiding is intensief en ervaringsgericht. Van deelnemers wordt verwacht dat zij <strong>dagelijks oefenen<\/strong> en een persoonlijk logboek bijhouden.<\/p>\n\n\n\n<hr class=\"wp-block-separator has-alpha-channel-opacity\"\/>\n\n\n\n<p class=\"has-black-color has-text-color has-link-color wp-elements-b45aba31329fe98855048ea2933af018\"><a><\/a><strong>Resultaat van de opleiding<\/strong><\/p>\n\n\n\n<p class=\"has-black-color has-text-color has-link-color wp-elements-a83914276166267c526b83ca78f2db99\">Na afronding van de opleiding kun je:<\/p>\n\n\n\n<ul class=\"wp-block-list\">\n<li class=\"has-black-color has-text-color has-link-color wp-elements-83bdf7de7ac2481a65744212fb7d659e\">cli\u00ebnten begeleiden naar meer rust, vitaliteit en lichaamsbewustzijn<\/li>\n\n\n\n<li class=\"has-black-color has-text-color has-link-color wp-elements-3801a4d99304f45823b63a58a22ea090\">energie en spanningspatronen leren herkennen<\/li>\n\n\n\n<li class=\"has-black-color has-text-color has-link-color wp-elements-54054c562a5c11b66db408220b8aa099\">Qi Gong inzetten binnen coaching, training of therapie<\/li>\n\n\n\n<li class=\"has-black-color has-text-color has-link-color wp-elements-b894ceccfb6894a7e9d94ad5d2130ea0\">werken met zowel lichamelijke waarneming als innerlijke beleving<\/li>\n\n\n\n<li class=\"has-black-color has-text-color has-link-color wp-elements-4cccac8090fb51400c8d140f4aa7d4a9\">bewust en professioneel je rol als begeleider innemen<\/li>\n<\/ul>\n\n\n\n<hr class=\"wp-block-separator has-alpha-channel-opacity\"\/>\n\n\n\n<p class=\"has-black-color has-text-color has-link-color wp-elements-cfed73fc90b5c57abe1aed9300a2b004\"><a><\/a><strong>Begeleiding en visie<\/strong><\/p>\n\n\n\n<p class=\"has-black-color has-text-color has-link-color wp-elements-4dd3eb22ad570d67e02006fda7b53b96\">De opleiding wordt verzorgd door ervaren docenten met een brede achtergrond in Qi Gong en ZhongYi. De leergang is samengesteld vanuit decennialange praktijkervaring en wordt gedragen door persoonlijke begeleiding, aandacht en integriteit.<\/p>\n\n\n\n<hr class=\"wp-block-separator has-alpha-channel-opacity\"\/>\n\n\n\n<p class=\"has-black-color has-text-color has-link-color wp-elements-d7eb8e4fd855578683d0182a1e25c7ab\"><a><\/a><strong>Praktische informatie<\/strong><\/p>\n\n\n\n<ul class=\"wp-block-list\">\n<li class=\"has-black-color has-text-color has-link-color wp-elements-051d93cb0ce03efd5b647f6cbcdf3a83\">Startdatum: volgt<\/li>\n\n\n\n<li class=\"has-black-color has-text-color has-link-color wp-elements-ffe0e9cdac11787d888f840a25768060\">Duur: 3 jaar<\/li>\n\n\n\n<li class=\"has-black-color has-text-color has-link-color wp-elements-87a225fce5a8a39dff5ec97c6a6b7f68\">Leslocatie: College Integrale Geneeswijzen<\/li>\n\n\n\n<li class=\"has-black-color has-text-color has-link-color wp-elements-6285bac23d6638add48a84824541484b\">Certificering per jaar, diploma na jaar 3<\/li>\n<\/ul>\n\n\n\n<hr class=\"wp-block-separator has-alpha-channel-opacity\"\/>\n\n\n\n<p class=\"has-black-color has-text-color has-link-color wp-elements-078fafc25ba6998bce8c294400eb0b27\"><a><\/a><strong>Interesse in deze opleiding<\/strong><\/p>\n\n\n\n<p class=\"has-black-color has-text-color has-link-color wp-elements-60328d9b0c00021ad90de2b06bb7ce72\">Wil je kennismaken met Zhong Qi Gong en ontdekken of deze opleiding bij jou past?<br>Vraag vrijblijvend informatie aan of meld je aan voor een ori\u00ebnterend gesprek.<\/p>\n\n\n\n<p class=\"has-black-color has-text-color has-link-color wp-elements-9ac00cf961d1ea846fe5a532228b76c6\"><\/p>\n\n\n\n<div class=\"wp-block-buttons is-layout-flex wp-block-buttons-is-layout-flex\">\n<div class=\"wp-block-button\"><a class=\"wp-block-button__link wp-element-button\" href=\"https:\/\/www.natural-healings.nl\/?page_id=4066\">Beroepsopleiding<\/a><\/div>\n\n\n\n<div class=\"wp-block-button\"><a class=\"wp-block-button__link wp-element-button\" href=\"https:\/\/www.natural-healings.nl\/?page_id=4080\">Contact<\/a><\/div>\n\n\n\n<div class=\"wp-block-button\"><a class=\"wp-block-button__link wp-element-button\" href=\"https:\/\/www.natural-healings.nl\/?page_id=4074\">Inschrijven<\/a><\/div>\n<\/div>\n\n\n\n<p class=\"has-black-color has-text-color has-link-color wp-elements-9ac00cf961d1ea846fe5a532228b76c6\"><\/p>\n<\/div><\/div>\n<\/div><\/div>\n","protected":false},"excerpt":{"rendered":"<p>De opleiding bestaat uit drie opeenvolgende leerjaren, waarbij ieder jaar een afgerond geheel vormt met een eigen certificering. Jaar 1 \u2013 Zhong Qi Gong Basis In het eerste jaar maak [&hellip;]<\/p>\n","protected":false},"author":1,"featured_media":0,"parent":0,"menu_order":0,"comment_status":"closed","ping_status":"closed","template":"","meta":{"_acf_changed":false,"site-sidebar-layout":"default","site-content-layout":"","ast-site-content-layout":"default","site-content-style":"default","site-sidebar-style":"default","ast-global-header-display":"","ast-banner-title-visibility":"","ast-main-header-display":"","ast-hfb-above-header-display":"","ast-hfb-below-header-display":"","ast-hfb-mobile-header-display":"","site-post-title":"","ast-breadcrumbs-content":"","ast-featured-img":"","footer-sml-layout":"","theme-transparent-header-meta":"","adv-header-id-meta":"","stick-header-meta":"","header-above-stick-meta":"","header-main-stick-meta":"","header-below-stick-meta":"","astra-migrate-meta-layouts":"set","ast-page-background-enabled":"default","ast-page-background-meta":{"desktop":{"background-color":"","background-image":"","background-repeat":"repeat","background-position":"center center","background-size":"auto","background-attachment":"scroll","background-type":"","background-media":"","overlay-type":"","overlay-color":"","overlay-opacity":"","overlay-gradient":""},"tablet":{"background-color":"","background-image":"","background-repeat":"repeat","background-position":"center center","background-size":"auto","background-attachment":"scroll","background-type":"","background-media":"","overlay-type":"","overlay-color":"","overlay-opacity":"","overlay-gradient":""},"mobile":{"background-color":"","background-image":"","background-repeat":"repeat","background-position":"center center","background-size":"auto","background-attachment":"scroll","background-type":"","background-media":"","overlay-type":"","overlay-color":"","overlay-opacity":"","overlay-gradient":""}},"ast-content-background-meta":{"desktop":{"background-color":"var(--ast-global-color-5)","background-image":"","background-repeat":"repeat","background-position":"center center","background-size":"auto","background-attachment":"scroll","background-type":"","background-media":"","overlay-type":"","overlay-color":"","overlay-opacity":"","overlay-gradient":""},"tablet":{"background-color":"var(--ast-global-color-5)","background-image":"","background-repeat":"repeat","background-position":"center center","background-size":"auto","background-attachment":"scroll","background-type":"","background-media":"","overlay-type":"","overlay-color":"","overlay-opacity":"","overlay-gradient":""},"mobile":{"background-color":"var(--ast-global-color-5)","background-image":"","background-repeat":"repeat","background-position":"center center","background-size":"auto","background-attachment":"scroll","background-type":"","background-media":"","overlay-type":"","overlay-color":"","overlay-opacity":"","overlay-gradient":""}},"_glsr_average":0,"_glsr_ranking":0,"_glsr_reviews":0,"footnotes":""},"class_list":["post-4066","page","type-page","status-publish","hentry"],"acf":[],"yoast_head":"<!-- This site is optimized with the Yoast SEO plugin v27.3 - https:\/\/yoast.com\/product\/yoast-seo-wordpress\/ -->\n<title>Opbouw van de opleiding - www.natural-healings.nl<\/title>\n<meta name=\"robots\" content=\"index, follow, max-snippet:-1, max-image-preview:large, max-video-preview:-1\" \/>\n<link rel=\"canonical\" href=\"https:\/\/www.natural-healings.nl\/?page_id=4066\" \/>\n<meta property=\"og:locale\" content=\"nl_NL\" \/>\n<meta property=\"og:type\" content=\"article\" \/>\n<meta property=\"og:title\" content=\"Opbouw van de opleiding - www.natural-healings.nl\" \/>\n<meta property=\"og:description\" content=\"De opleiding bestaat uit drie opeenvolgende leerjaren, waarbij ieder jaar een afgerond geheel vormt met een eigen certificering. Jaar 1 \u2013 Zhong Qi Gong Basis In het eerste jaar maak [&hellip;]\" \/>\n<meta property=\"og:url\" content=\"https:\/\/www.natural-healings.nl\/?page_id=4066\" \/>\n<meta property=\"og:site_name\" content=\"www.natural-healings.nl\" \/>\n<meta property=\"article:publisher\" content=\"https:\/\/www.facebook.com\/NaturalHealingsAmsterdamForest\/\" \/>\n<meta property=\"article:modified_time\" content=\"2026-01-28T00:01:26+00:00\" \/>\n<meta name=\"twitter:card\" content=\"summary_large_image\" \/>\n<meta name=\"twitter:label1\" content=\"Geschatte leestijd\" \/>\n\t<meta name=\"twitter:data1\" content=\"3 minuten\" \/>\n<script type=\"application\/ld+json\" class=\"yoast-schema-graph\">{\"@context\":\"https:\\\/\\\/schema.org\",\"@graph\":[{\"@type\":\"WebPage\",\"@id\":\"https:\\\/\\\/www.natural-healings.nl\\\/?page_id=4066\",\"url\":\"https:\\\/\\\/www.natural-healings.nl\\\/?page_id=4066\",\"name\":\"Opbouw van de opleiding - www.natural-healings.nl\",\"isPartOf\":{\"@id\":\"https:\\\/\\\/www.natural-healings.nl\\\/#website\"},\"datePublished\":\"2026-01-27T17:03:46+00:00\",\"dateModified\":\"2026-01-28T00:01:26+00:00\",\"breadcrumb\":{\"@id\":\"https:\\\/\\\/www.natural-healings.nl\\\/?page_id=4066#breadcrumb\"},\"inLanguage\":\"nl-NL\",\"potentialAction\":[{\"@type\":\"ReadAction\",\"target\":[\"https:\\\/\\\/www.natural-healings.nl\\\/?page_id=4066\"]}]},{\"@type\":\"BreadcrumbList\",\"@id\":\"https:\\\/\\\/www.natural-healings.nl\\\/?page_id=4066#breadcrumb\",\"itemListElement\":[{\"@type\":\"ListItem\",\"position\":1,\"name\":\"Home\",\"item\":\"https:\\\/\\\/www.natural-healings.nl\\\/\"},{\"@type\":\"ListItem\",\"position\":2,\"name\":\"Opbouw van de opleiding\"}]},{\"@type\":\"WebSite\",\"@id\":\"https:\\\/\\\/www.natural-healings.nl\\\/#website\",\"url\":\"https:\\\/\\\/www.natural-healings.nl\\\/\",\"name\":\"www.natural-healings.nl\",\"description\":\"\",\"publisher\":{\"@id\":\"https:\\\/\\\/www.natural-healings.nl\\\/#organization\"},\"potentialAction\":[{\"@type\":\"SearchAction\",\"target\":{\"@type\":\"EntryPoint\",\"urlTemplate\":\"https:\\\/\\\/www.natural-healings.nl\\\/?s={search_term_string}\"},\"query-input\":{\"@type\":\"PropertyValueSpecification\",\"valueRequired\":true,\"valueName\":\"search_term_string\"}}],\"inLanguage\":\"nl-NL\"},{\"@type\":\"Organization\",\"@id\":\"https:\\\/\\\/www.natural-healings.nl\\\/#organization\",\"name\":\"Natural Healings\",\"url\":\"https:\\\/\\\/www.natural-healings.nl\\\/\",\"logo\":{\"@type\":\"ImageObject\",\"inLanguage\":\"nl-NL\",\"@id\":\"https:\\\/\\\/www.natural-healings.nl\\\/#\\\/schema\\\/logo\\\/image\\\/\",\"url\":\"https:\\\/\\\/www.natural-healings.nl\\\/wp-content\\\/uploads\\\/2021\\\/07\\\/cropped-NH_logo_3_transparant-2.png\",\"contentUrl\":\"https:\\\/\\\/www.natural-healings.nl\\\/wp-content\\\/uploads\\\/2021\\\/07\\\/cropped-NH_logo_3_transparant-2.png\",\"width\":858,\"height\":843,\"caption\":\"Natural Healings\"},\"image\":{\"@id\":\"https:\\\/\\\/www.natural-healings.nl\\\/#\\\/schema\\\/logo\\\/image\\\/\"},\"sameAs\":[\"https:\\\/\\\/www.facebook.com\\\/NaturalHealingsAmsterdamForest\\\/\",\"https:\\\/\\\/www.instagram.com\\\/natural.healings.amsterdam\\\/\"]}]}<\/script>\n<!-- \/ Yoast SEO plugin. -->","yoast_head_json":{"title":"Opbouw van de opleiding - www.natural-healings.nl","robots":{"index":"index","follow":"follow","max-snippet":"max-snippet:-1","max-image-preview":"max-image-preview:large","max-video-preview":"max-video-preview:-1"},"canonical":"https:\/\/www.natural-healings.nl\/?page_id=4066","og_locale":"nl_NL","og_type":"article","og_title":"Opbouw van de opleiding - www.natural-healings.nl","og_description":"De opleiding bestaat uit drie opeenvolgende leerjaren, waarbij ieder jaar een afgerond geheel vormt met een eigen certificering. Jaar 1 \u2013 Zhong Qi Gong Basis In het eerste jaar maak [&hellip;]","og_url":"https:\/\/www.natural-healings.nl\/?page_id=4066","og_site_name":"www.natural-healings.nl","article_publisher":"https:\/\/www.facebook.com\/NaturalHealingsAmsterdamForest\/","article_modified_time":"2026-01-28T00:01:26+00:00","twitter_card":"summary_large_image","twitter_misc":{"Geschatte leestijd":"3 minuten"},"schema":{"@context":"https:\/\/schema.org","@graph":[{"@type":"WebPage","@id":"https:\/\/www.natural-healings.nl\/?page_id=4066","url":"https:\/\/www.natural-healings.nl\/?page_id=4066","name":"Opbouw van de opleiding - www.natural-healings.nl","isPartOf":{"@id":"https:\/\/www.natural-healings.nl\/#website"},"datePublished":"2026-01-27T17:03:46+00:00","dateModified":"2026-01-28T00:01:26+00:00","breadcrumb":{"@id":"https:\/\/www.natural-healings.nl\/?page_id=4066#breadcrumb"},"inLanguage":"nl-NL","potentialAction":[{"@type":"ReadAction","target":["https:\/\/www.natural-healings.nl\/?page_id=4066"]}]},{"@type":"BreadcrumbList","@id":"https:\/\/www.natural-healings.nl\/?page_id=4066#breadcrumb","itemListElement":[{"@type":"ListItem","position":1,"name":"Home","item":"https:\/\/www.natural-healings.nl\/"},{"@type":"ListItem","position":2,"name":"Opbouw van de opleiding"}]},{"@type":"WebSite","@id":"https:\/\/www.natural-healings.nl\/#website","url":"https:\/\/www.natural-healings.nl\/","name":"www.natural-healings.nl","description":"","publisher":{"@id":"https:\/\/www.natural-healings.nl\/#organization"},"potentialAction":[{"@type":"SearchAction","target":{"@type":"EntryPoint","urlTemplate":"https:\/\/www.natural-healings.nl\/?s={search_term_string}"},"query-input":{"@type":"PropertyValueSpecification","valueRequired":true,"valueName":"search_term_string"}}],"inLanguage":"nl-NL"},{"@type":"Organization","@id":"https:\/\/www.natural-healings.nl\/#organization","name":"Natural Healings","url":"https:\/\/www.natural-healings.nl\/","logo":{"@type":"ImageObject","inLanguage":"nl-NL","@id":"https:\/\/www.natural-healings.nl\/#\/schema\/logo\/image\/","url":"https:\/\/www.natural-healings.nl\/wp-content\/uploads\/2021\/07\/cropped-NH_logo_3_transparant-2.png","contentUrl":"https:\/\/www.natural-healings.nl\/wp-content\/uploads\/2021\/07\/cropped-NH_logo_3_transparant-2.png","width":858,"height":843,"caption":"Natural Healings"},"image":{"@id":"https:\/\/www.natural-healings.nl\/#\/schema\/logo\/image\/"},"sameAs":["https:\/\/www.facebook.com\/NaturalHealingsAmsterdamForest\/","https:\/\/www.instagram.com\/natural.healings.amsterdam\/"]}]}},"_links":{"self":[{"href":"https:\/\/www.natural-healings.nl\/index.php?rest_route=\/wp\/v2\/pages\/4066","targetHints":{"allow":["GET"]}}],"collection":[{"href":"https:\/\/www.natural-healings.nl\/index.php?rest_route=\/wp\/v2\/pages"}],"about":[{"href":"https:\/\/www.natural-healings.nl\/index.php?rest_route=\/wp\/v2\/types\/page"}],"author":[{"embeddable":true,"href":"https:\/\/www.natural-healings.nl\/index.php?rest_route=\/wp\/v2\/users\/1"}],"replies":[{"embeddable":true,"href":"https:\/\/www.natural-healings.nl\/index.php?rest_route=%2Fwp%2Fv2%2Fcomments&post=4066"}],"version-history":[{"count":3,"href":"https:\/\/www.natural-healings.nl\/index.php?rest_route=\/wp\/v2\/pages\/4066\/revisions"}],"predecessor-version":[{"id":4089,"href":"https:\/\/www.natural-healings.nl\/index.php?rest_route=\/wp\/v2\/pages\/4066\/revisions\/4089"}],"wp:attachment":[{"href":"https:\/\/www.natural-healings.nl\/index.php?rest_route=%2Fwp%2Fv2%2Fmedia&parent=4066"}],"curies":[{"name":"wp","href":"https:\/\/api.w.org\/{rel}","templated":true}]}}