{"id":1184,"date":"2021-06-27T16:18:18","date_gmt":"2021-06-27T16:18:18","guid":{"rendered":"http:\/\/localhost\/wordpress\/?page_id=1184"},"modified":"2022-08-27T00:44:15","modified_gmt":"2022-08-26T22:44:15","slug":"cacao-ceremonie","status":"publish","type":"page","link":"https:\/\/www.natural-healings.nl\/?page_id=1184","title":{"rendered":"Sacred Heart Cacao Sound Journey"},"content":{"rendered":"\n<div class=\"wp-block-cover alignfull\"><span aria-hidden=\"true\" class=\"wp-block-cover__background has-background-dim\"><\/span><img loading=\"lazy\" decoding=\"async\" width=\"600\" height=\"350\" class=\"wp-block-cover__image-background wp-image-1536\" alt=\"\" src=\"https:\/\/www.natural-healings.nl\/wp-content\/uploads\/2021\/08\/thumb_247017_600x350_0_0_crop.jpg\" data-object-fit=\"cover\" srcset=\"https:\/\/www.natural-healings.nl\/wp-content\/uploads\/2021\/08\/thumb_247017_600x350_0_0_crop.jpg 600w, https:\/\/www.natural-healings.nl\/wp-content\/uploads\/2021\/08\/thumb_247017_600x350_0_0_crop-300x175.jpg 300w\" sizes=\"auto, (max-width: 600px) 100vw, 600px\" \/><div class=\"wp-block-cover__inner-container is-layout-flow wp-block-cover-is-layout-flow\">\n<p class=\"has-text-align-center has-vivid-purple-color has-text-color has-large-font-size\"><strong><em>Sacred Heart Cacao Sound Journey<\/em><\/strong><em><strong> <\/strong><\/em><\/p>\n<\/div><\/div>\n\n\n\n<p class=\"has-text-align-center has-vivid-purple-color has-text-color has-large-font-size\"><strong><em>Sacred Heart Cacao Sound Journey<\/em><\/strong><\/p>\n\n\n\n<p class=\"has-text-align-center has-vivid-purple-color has-text-color\">Cacaoceremonies bestaan al duizenden jaren, helemaal terug naar Maya- en Azteekse tradities in Midden- en Zuid-Amerika, gebruikt voor spirituele, medicinale en ceremoni\u00eble doeleinden voor innerlijk ontwaken en creatieve begeleiding. De Cacao elixer geeft ons een zachte maar krachtige ceremonie die helpt onszelf liefdevol te verbinden met onze spirit, de liefdevolle energie in ons lichaam om ons hart te openen. De actieve ingredi\u00ebnten van cacao werken sterk op het hartchakra en brengt ons terug naar onze natuurlijk staat van voelen, uit het hoofd, in het hart en verbindt ons intu\u00eftief met Moeder Aarde. Cacao heeft de kracht om de buitenwereld met onze binnenwereld te verbinden. Tevens versterkt het gevoel van verbinding met jezelf en de mensen om je heen. <\/p>\n\n\n\n<p class=\"has-text-align-center has-vivid-purple-color has-text-color\">Het stellen van een intentie is een belangrijk onderdeel van deze sacred cacao ceremonie, jouw persoonlijke intentie kan heel algemeen zijn of heel persoonlijk. Cacao helpt bij elke transformationele verandering waar jij naartoe werkt. De uitwerkingen van de cacaoceremonie kan behoorlijk krachtig zijn als je het toelaat.. <\/p>\n\n\n\n<p class=\"has-text-align-center has-vivid-purple-color has-text-color\"> Met het zetten van jouw hart intentie voor deze sacred cacao ceremonie wordt een rustige omgeving gemaakt waar iedereen een persoonlijke moment een intentie kan zetten en waar we tijdens de ceremonie de energie rond de intentie laten stromen, Via het zingen van Mantra\u2019s, het vrij dansen op je blote voeten op het ritme van de drum, gongs, stem en andere oer instrumenten nemen we je mee op een reis. Ontspanning, meditatie, in combinatie met de cacao geven een mooie verdieping in je hart. <\/p>\n\n\n\n<p class=\"has-text-align-center has-vivid-purple-color has-text-color\">De traditionele cacao elixer die wordt gebruikt tijdens deze sacred cacao ceremonie verschilt van de gewone chocolade zoals we die kennen en eten. Het smaakt niet zoals chocolade. Het zal je verrassen wanneer je het voor het eerst probeert. De cacao heeft een intensere en meer bittere smaak en is van nature rijk aan ijzer-, magnesium- en B-complexvitaminen. In de Rauwe biologische cacao elixer zitten<strong> geen<\/strong> hallucinerende stoffen, de cacao zorgt voor een prettige gevoel en kan tijdelijk een verhoogde hartslag geven.<\/p>\n\n\n\n<p class=\"has-text-align-center has-vivid-purple-color has-text-color\"><strong>contra-indicaties<\/strong> <\/p>\n\n\n\n<p class=\"has-text-align-center has-vivid-purple-color has-text-color\">Mensen met hoge bloeddruk, hartklachten, die bloed verlagende medicijnen gebruiken, en zwangere vrouwen drinken slechts een halve kop, anders wordt de bloeddruk te laag.<\/p>\n\n\n\n<p class=\"has-text-align-center has-vivid-purple-color has-text-color\">Wanneer je gevoelig bent drink dan langzaam en niet in \u00e9\u00e9n keer. Je kunt gerust de hele avond over een kopje doen.&nbsp;Gebruik geen cafe\u00efne of alcohol voordat je meedoet aan de Cacaoceremonie.&nbsp;Drink voldoende water, vooral aan &nbsp;het einde van de ceremonie. Als je merkt dat je hoofdpijn hebt, drink dan water en geen cacao.&nbsp;Antidepressiva met MAO-remmers vormen een contra-indicatie voor cacao en kunnen tot ernstige hoofdpijn leiden.&nbsp;Cacao is een vaatverwijder en pompt meer bloed door het hart. Houd rekening met het gebruik van cacao bij een hartaandoening.<\/p>\n\n\n\n<p class=\"has-text-align-center has-vivid-purple-color has-text-color\">Je bent en blijft verantwoordelijk voor jezelf. Cacao is een zacht en veilig product, maar zelfzorg is en blijft belangrijk.<\/p>\n\n\n\n<figure class=\"wp-block-image aligncenter size-large\"><img loading=\"lazy\" decoding=\"async\" width=\"430\" height=\"399\" src=\"https:\/\/www.natural-healings.nl\/wp-content\/uploads\/2021\/07\/i286823014313947579._szw480h1280_.jpg\" alt=\"\" class=\"wp-image-1367\" srcset=\"https:\/\/www.natural-healings.nl\/wp-content\/uploads\/2021\/07\/i286823014313947579._szw480h1280_.jpg 430w, https:\/\/www.natural-healings.nl\/wp-content\/uploads\/2021\/07\/i286823014313947579._szw480h1280_-300x278.jpg 300w\" sizes=\"auto, (max-width: 430px) 100vw, 430px\" \/><\/figure>\n","protected":false},"excerpt":{"rendered":"<p>Sacred Heart Cacao Sound Journey Cacaoceremonies bestaan al duizenden jaren, helemaal terug naar Maya- en Azteekse tradities in Midden- en Zuid-Amerika, gebruikt voor spirituele, medicinale en ceremoni\u00eble doeleinden voor innerlijk [&hellip;]<\/p>\n","protected":false},"author":1,"featured_media":0,"parent":0,"menu_order":0,"comment_status":"closed","ping_status":"closed","template":"","meta":{"_acf_changed":false,"site-sidebar-layout":"default","site-content-layout":"default","ast-site-content-layout":"default","site-content-style":"default","site-sidebar-style":"default","ast-global-header-display":"","ast-banner-title-visibility":"","ast-main-header-display":"","ast-hfb-above-header-display":"","ast-hfb-below-header-display":"","ast-hfb-mobile-header-display":"","site-post-title":"disabled","ast-breadcrumbs-content":"","ast-featured-img":"","footer-sml-layout":"","theme-transparent-header-meta":"default","adv-header-id-meta":"","stick-header-meta":"","header-above-stick-meta":"","header-main-stick-meta":"","header-below-stick-meta":"","astra-migrate-meta-layouts":"default","ast-page-background-enabled":"default","ast-page-background-meta":{"desktop":{"background-color":"","background-image":"","background-repeat":"repeat","background-position":"center center","background-size":"auto","background-attachment":"scroll","background-type":"","background-media":"","overlay-type":"","overlay-color":"","overlay-opacity":"","overlay-gradient":""},"tablet":{"background-color":"","background-image":"","background-repeat":"repeat","background-position":"center center","background-size":"auto","background-attachment":"scroll","background-type":"","background-media":"","overlay-type":"","overlay-color":"","overlay-opacity":"","overlay-gradient":""},"mobile":{"background-color":"","background-image":"","background-repeat":"repeat","background-position":"center center","background-size":"auto","background-attachment":"scroll","background-type":"","background-media":"","overlay-type":"","overlay-color":"","overlay-opacity":"","overlay-gradient":""}},"ast-content-background-meta":{"desktop":{"background-color":"var(--ast-global-color-5)","background-image":"","background-repeat":"repeat","background-position":"center center","background-size":"auto","background-attachment":"scroll","background-type":"","background-media":"","overlay-type":"","overlay-color":"","overlay-opacity":"","overlay-gradient":""},"tablet":{"background-color":"var(--ast-global-color-5)","background-image":"","background-repeat":"repeat","background-position":"center center","background-size":"auto","background-attachment":"scroll","background-type":"","background-media":"","overlay-type":"","overlay-color":"","overlay-opacity":"","overlay-gradient":""},"mobile":{"background-color":"var(--ast-global-color-5)","background-image":"","background-repeat":"repeat","background-position":"center center","background-size":"auto","background-attachment":"scroll","background-type":"","background-media":"","overlay-type":"","overlay-color":"","overlay-opacity":"","overlay-gradient":""}},"_glsr_average":0,"_glsr_ranking":0,"_glsr_reviews":0,"footnotes":""},"class_list":["post-1184","page","type-page","status-publish","hentry"],"acf":[],"yoast_head":"<!-- This site is optimized with the Yoast SEO plugin v27.3 - https:\/\/yoast.com\/product\/yoast-seo-wordpress\/ -->\n<title>Sacred Heart Cacao Sound Journey - www.natural-healings.nl<\/title>\n<meta name=\"robots\" content=\"index, follow, max-snippet:-1, max-image-preview:large, max-video-preview:-1\" \/>\n<link rel=\"canonical\" href=\"https:\/\/www.natural-healings.nl\/?page_id=1184\" \/>\n<meta property=\"og:locale\" content=\"nl_NL\" \/>\n<meta property=\"og:type\" content=\"article\" \/>\n<meta property=\"og:title\" content=\"Sacred Heart Cacao Sound Journey - www.natural-healings.nl\" \/>\n<meta property=\"og:description\" content=\"Sacred Heart Cacao Sound Journey Cacaoceremonies bestaan al duizenden jaren, helemaal terug naar Maya- en Azteekse tradities in Midden- en Zuid-Amerika, gebruikt voor spirituele, medicinale en ceremoni\u00eble doeleinden voor innerlijk [&hellip;]\" \/>\n<meta property=\"og:url\" content=\"https:\/\/www.natural-healings.nl\/?page_id=1184\" \/>\n<meta property=\"og:site_name\" content=\"www.natural-healings.nl\" \/>\n<meta property=\"article:publisher\" content=\"https:\/\/www.facebook.com\/NaturalHealingsAmsterdamForest\/\" \/>\n<meta property=\"article:modified_time\" content=\"2022-08-26T22:44:15+00:00\" \/>\n<meta property=\"og:image\" content=\"https:\/\/www.natural-healings.nl\/wp-content\/uploads\/2021\/08\/thumb_247017_600x350_0_0_crop.jpg\" \/>\n\t<meta property=\"og:image:width\" content=\"600\" \/>\n\t<meta property=\"og:image:height\" content=\"350\" \/>\n\t<meta property=\"og:image:type\" content=\"image\/jpeg\" \/>\n<meta name=\"twitter:card\" content=\"summary_large_image\" \/>\n<meta name=\"twitter:label1\" content=\"Geschatte leestijd\" \/>\n\t<meta name=\"twitter:data1\" content=\"2 minuten\" \/>\n<script type=\"application\/ld+json\" class=\"yoast-schema-graph\">{\"@context\":\"https:\\\/\\\/schema.org\",\"@graph\":[{\"@type\":\"WebPage\",\"@id\":\"https:\\\/\\\/www.natural-healings.nl\\\/?page_id=1184\",\"url\":\"https:\\\/\\\/www.natural-healings.nl\\\/?page_id=1184\",\"name\":\"Sacred Heart Cacao Sound Journey - www.natural-healings.nl\",\"isPartOf\":{\"@id\":\"https:\\\/\\\/www.natural-healings.nl\\\/#website\"},\"primaryImageOfPage\":{\"@id\":\"https:\\\/\\\/www.natural-healings.nl\\\/?page_id=1184#primaryimage\"},\"image\":{\"@id\":\"https:\\\/\\\/www.natural-healings.nl\\\/?page_id=1184#primaryimage\"},\"thumbnailUrl\":\"https:\\\/\\\/www.natural-healings.nl\\\/wp-content\\\/uploads\\\/2021\\\/08\\\/thumb_247017_600x350_0_0_crop.jpg\",\"datePublished\":\"2021-06-27T16:18:18+00:00\",\"dateModified\":\"2022-08-26T22:44:15+00:00\",\"breadcrumb\":{\"@id\":\"https:\\\/\\\/www.natural-healings.nl\\\/?page_id=1184#breadcrumb\"},\"inLanguage\":\"nl-NL\",\"potentialAction\":[{\"@type\":\"ReadAction\",\"target\":[\"https:\\\/\\\/www.natural-healings.nl\\\/?page_id=1184\"]}]},{\"@type\":\"ImageObject\",\"inLanguage\":\"nl-NL\",\"@id\":\"https:\\\/\\\/www.natural-healings.nl\\\/?page_id=1184#primaryimage\",\"url\":\"https:\\\/\\\/www.natural-healings.nl\\\/wp-content\\\/uploads\\\/2021\\\/08\\\/thumb_247017_600x350_0_0_crop.jpg\",\"contentUrl\":\"https:\\\/\\\/www.natural-healings.nl\\\/wp-content\\\/uploads\\\/2021\\\/08\\\/thumb_247017_600x350_0_0_crop.jpg\",\"width\":600,\"height\":350},{\"@type\":\"BreadcrumbList\",\"@id\":\"https:\\\/\\\/www.natural-healings.nl\\\/?page_id=1184#breadcrumb\",\"itemListElement\":[{\"@type\":\"ListItem\",\"position\":1,\"name\":\"Home\",\"item\":\"https:\\\/\\\/www.natural-healings.nl\\\/\"},{\"@type\":\"ListItem\",\"position\":2,\"name\":\"Sacred Heart Cacao Sound Journey\"}]},{\"@type\":\"WebSite\",\"@id\":\"https:\\\/\\\/www.natural-healings.nl\\\/#website\",\"url\":\"https:\\\/\\\/www.natural-healings.nl\\\/\",\"name\":\"www.natural-healings.nl\",\"description\":\"\",\"publisher\":{\"@id\":\"https:\\\/\\\/www.natural-healings.nl\\\/#organization\"},\"potentialAction\":[{\"@type\":\"SearchAction\",\"target\":{\"@type\":\"EntryPoint\",\"urlTemplate\":\"https:\\\/\\\/www.natural-healings.nl\\\/?s={search_term_string}\"},\"query-input\":{\"@type\":\"PropertyValueSpecification\",\"valueRequired\":true,\"valueName\":\"search_term_string\"}}],\"inLanguage\":\"nl-NL\"},{\"@type\":\"Organization\",\"@id\":\"https:\\\/\\\/www.natural-healings.nl\\\/#organization\",\"name\":\"Natural Healings\",\"url\":\"https:\\\/\\\/www.natural-healings.nl\\\/\",\"logo\":{\"@type\":\"ImageObject\",\"inLanguage\":\"nl-NL\",\"@id\":\"https:\\\/\\\/www.natural-healings.nl\\\/#\\\/schema\\\/logo\\\/image\\\/\",\"url\":\"https:\\\/\\\/www.natural-healings.nl\\\/wp-content\\\/uploads\\\/2021\\\/07\\\/cropped-NH_logo_3_transparant-2.png\",\"contentUrl\":\"https:\\\/\\\/www.natural-healings.nl\\\/wp-content\\\/uploads\\\/2021\\\/07\\\/cropped-NH_logo_3_transparant-2.png\",\"width\":858,\"height\":843,\"caption\":\"Natural Healings\"},\"image\":{\"@id\":\"https:\\\/\\\/www.natural-healings.nl\\\/#\\\/schema\\\/logo\\\/image\\\/\"},\"sameAs\":[\"https:\\\/\\\/www.facebook.com\\\/NaturalHealingsAmsterdamForest\\\/\",\"https:\\\/\\\/www.instagram.com\\\/natural.healings.amsterdam\\\/\"]}]}<\/script>\n<!-- \/ Yoast SEO plugin. -->","yoast_head_json":{"title":"Sacred Heart Cacao Sound Journey - www.natural-healings.nl","robots":{"index":"index","follow":"follow","max-snippet":"max-snippet:-1","max-image-preview":"max-image-preview:large","max-video-preview":"max-video-preview:-1"},"canonical":"https:\/\/www.natural-healings.nl\/?page_id=1184","og_locale":"nl_NL","og_type":"article","og_title":"Sacred Heart Cacao Sound Journey - www.natural-healings.nl","og_description":"Sacred Heart Cacao Sound Journey Cacaoceremonies bestaan al duizenden jaren, helemaal terug naar Maya- en Azteekse tradities in Midden- en Zuid-Amerika, gebruikt voor spirituele, medicinale en ceremoni\u00eble doeleinden voor innerlijk [&hellip;]","og_url":"https:\/\/www.natural-healings.nl\/?page_id=1184","og_site_name":"www.natural-healings.nl","article_publisher":"https:\/\/www.facebook.com\/NaturalHealingsAmsterdamForest\/","article_modified_time":"2022-08-26T22:44:15+00:00","og_image":[{"width":600,"height":350,"url":"https:\/\/www.natural-healings.nl\/wp-content\/uploads\/2021\/08\/thumb_247017_600x350_0_0_crop.jpg","type":"image\/jpeg"}],"twitter_card":"summary_large_image","twitter_misc":{"Geschatte leestijd":"2 minuten"},"schema":{"@context":"https:\/\/schema.org","@graph":[{"@type":"WebPage","@id":"https:\/\/www.natural-healings.nl\/?page_id=1184","url":"https:\/\/www.natural-healings.nl\/?page_id=1184","name":"Sacred Heart Cacao Sound Journey - www.natural-healings.nl","isPartOf":{"@id":"https:\/\/www.natural-healings.nl\/#website"},"primaryImageOfPage":{"@id":"https:\/\/www.natural-healings.nl\/?page_id=1184#primaryimage"},"image":{"@id":"https:\/\/www.natural-healings.nl\/?page_id=1184#primaryimage"},"thumbnailUrl":"https:\/\/www.natural-healings.nl\/wp-content\/uploads\/2021\/08\/thumb_247017_600x350_0_0_crop.jpg","datePublished":"2021-06-27T16:18:18+00:00","dateModified":"2022-08-26T22:44:15+00:00","breadcrumb":{"@id":"https:\/\/www.natural-healings.nl\/?page_id=1184#breadcrumb"},"inLanguage":"nl-NL","potentialAction":[{"@type":"ReadAction","target":["https:\/\/www.natural-healings.nl\/?page_id=1184"]}]},{"@type":"ImageObject","inLanguage":"nl-NL","@id":"https:\/\/www.natural-healings.nl\/?page_id=1184#primaryimage","url":"https:\/\/www.natural-healings.nl\/wp-content\/uploads\/2021\/08\/thumb_247017_600x350_0_0_crop.jpg","contentUrl":"https:\/\/www.natural-healings.nl\/wp-content\/uploads\/2021\/08\/thumb_247017_600x350_0_0_crop.jpg","width":600,"height":350},{"@type":"BreadcrumbList","@id":"https:\/\/www.natural-healings.nl\/?page_id=1184#breadcrumb","itemListElement":[{"@type":"ListItem","position":1,"name":"Home","item":"https:\/\/www.natural-healings.nl\/"},{"@type":"ListItem","position":2,"name":"Sacred Heart Cacao Sound Journey"}]},{"@type":"WebSite","@id":"https:\/\/www.natural-healings.nl\/#website","url":"https:\/\/www.natural-healings.nl\/","name":"www.natural-healings.nl","description":"","publisher":{"@id":"https:\/\/www.natural-healings.nl\/#organization"},"potentialAction":[{"@type":"SearchAction","target":{"@type":"EntryPoint","urlTemplate":"https:\/\/www.natural-healings.nl\/?s={search_term_string}"},"query-input":{"@type":"PropertyValueSpecification","valueRequired":true,"valueName":"search_term_string"}}],"inLanguage":"nl-NL"},{"@type":"Organization","@id":"https:\/\/www.natural-healings.nl\/#organization","name":"Natural Healings","url":"https:\/\/www.natural-healings.nl\/","logo":{"@type":"ImageObject","inLanguage":"nl-NL","@id":"https:\/\/www.natural-healings.nl\/#\/schema\/logo\/image\/","url":"https:\/\/www.natural-healings.nl\/wp-content\/uploads\/2021\/07\/cropped-NH_logo_3_transparant-2.png","contentUrl":"https:\/\/www.natural-healings.nl\/wp-content\/uploads\/2021\/07\/cropped-NH_logo_3_transparant-2.png","width":858,"height":843,"caption":"Natural Healings"},"image":{"@id":"https:\/\/www.natural-healings.nl\/#\/schema\/logo\/image\/"},"sameAs":["https:\/\/www.facebook.com\/NaturalHealingsAmsterdamForest\/","https:\/\/www.instagram.com\/natural.healings.amsterdam\/"]}]}},"_links":{"self":[{"href":"https:\/\/www.natural-healings.nl\/index.php?rest_route=\/wp\/v2\/pages\/1184","targetHints":{"allow":["GET"]}}],"collection":[{"href":"https:\/\/www.natural-healings.nl\/index.php?rest_route=\/wp\/v2\/pages"}],"about":[{"href":"https:\/\/www.natural-healings.nl\/index.php?rest_route=\/wp\/v2\/types\/page"}],"author":[{"embeddable":true,"href":"https:\/\/www.natural-healings.nl\/index.php?rest_route=\/wp\/v2\/users\/1"}],"replies":[{"embeddable":true,"href":"https:\/\/www.natural-healings.nl\/index.php?rest_route=%2Fwp%2Fv2%2Fcomments&post=1184"}],"version-history":[{"count":12,"href":"https:\/\/www.natural-healings.nl\/index.php?rest_route=\/wp\/v2\/pages\/1184\/revisions"}],"predecessor-version":[{"id":2179,"href":"https:\/\/www.natural-healings.nl\/index.php?rest_route=\/wp\/v2\/pages\/1184\/revisions\/2179"}],"wp:attachment":[{"href":"https:\/\/www.natural-healings.nl\/index.php?rest_route=%2Fwp%2Fv2%2Fmedia&parent=1184"}],"curies":[{"name":"wp","href":"https:\/\/api.w.org\/{rel}","templated":true}]}}